{"id":3199,"date":"2023-08-06T14:36:01","date_gmt":"2023-08-06T12:36:01","guid":{"rendered":"https:\/\/johnnorrby.se\/consejos-para-tu-boda-en-el-sur-de-espana\/"},"modified":"2023-12-21T16:28:51","modified_gmt":"2023-12-21T15:28:51","slug":"consejos-para-tu-boda-en-el-sur-de-espana","status":"publish","type":"page","link":"https:\/\/johnnorrby.se\/es\/consejos-para-tu-boda-en-el-sur-de-espana\/","title":{"rendered":"Consejos para tu boda en el sur de Espa\u00f1a"},"content":{"rendered":"\n<style type=\"text\/css\" data-created_by=\"avia_inline_auto\" id=\"style-css-av-llm2qcul-685a4621bc5bf76a4e5cc2ddbc5f58a2\">\n.avia-section.av-llm2qcul-685a4621bc5bf76a4e5cc2ddbc5f58a2 .av-parallax .av-parallax-inner{\nbackground-repeat:no-repeat;\nbackground-image:url(https:\/\/johnnorrby.se\/wp-content\/uploads\/2023\/08\/Nv9l4avk-scaled.jpg);\nbackground-position:50% 50%;\nbackground-attachment:scroll;\n}\n.avia-section.av-llm2qcul-685a4621bc5bf76a4e5cc2ddbc5f58a2 .av-section-color-overlay{\nopacity:0.6;\nbackground-color:#333333;\n}\n<\/style>\n<div id='av_section_1'  class='avia-section av-llm2qcul-685a4621bc5bf76a4e5cc2ddbc5f58a2 main_color avia-section-default avia-no-border-styling  avia-builder-el-0  el_before_av_textblock  avia-builder-el-first  portfolio-header avia-full-stretch av-parallax-section avia-bg-style-parallax av-section-color-overlay-active av-minimum-height av-minimum-height-custom av-height-custom  container_wrap fullsize'  data-section-bg-repeat='stretch' data-av_minimum_height_px='400'><div class='av-parallax' data-avia-parallax-ratio='0.3' ><div class='av-parallax-inner main_color avia-full-stretch'><\/div><\/div><div class=\"av-section-color-overlay-wrap\"><div class=\"av-section-color-overlay\"><\/div><div class='container av-section-cont-open' style='height:400px'><main  role=\"main\" itemprop=\"mainContentOfPage\"  class='template-page content  av-content-full alpha units'><div class='post-entry post-entry-type-page post-entry-3199'><div class='entry-content-wrapper clearfix'>\n<div class='flex_column_table av-26o1tr-25a341873d08e76c4d990527ddd08e67 sc-av_one_full av-equal-height-column-flextable'><div  class='flex_column av-26o1tr-25a341873d08e76c4d990527ddd08e67 av_one_full  avia-builder-el-1  avia-builder-el-no-sibling  first flex_column_table_cell av-equal-height-column av-align-top  '     ><style type=\"text\/css\" data-created_by=\"avia_inline_auto\" id=\"style-css-av-ll267egb-4c3f4ba308e5c498ea0141d57e4f0546\">\n#top .av-special-heading.av-ll267egb-4c3f4ba308e5c498ea0141d57e4f0546{\npadding-bottom:10px;\ncolor:#ffffff;\nfont-size:46px;\n}\nbody .av-special-heading.av-ll267egb-4c3f4ba308e5c498ea0141d57e4f0546 .av-special-heading-tag .heading-char{\nfont-size:25px;\n}\n#top #wrap_all .av-special-heading.av-ll267egb-4c3f4ba308e5c498ea0141d57e4f0546 .av-special-heading-tag{\nfont-size:46px;\n}\n.av-special-heading.av-ll267egb-4c3f4ba308e5c498ea0141d57e4f0546 .special-heading-inner-border{\nborder-color:#ffffff;\n}\n.av-special-heading.av-ll267egb-4c3f4ba308e5c498ea0141d57e4f0546 .av-subheading{\nfont-size:15px;\n}\n\n@media only screen and (min-width: 480px) and (max-width: 767px){ \n#top #wrap_all .av-special-heading.av-ll267egb-4c3f4ba308e5c498ea0141d57e4f0546 .av-special-heading-tag{\nfont-size:0.8em;\n}\n}\n\n@media only screen and (max-width: 479px){ \n#top #wrap_all .av-special-heading.av-ll267egb-4c3f4ba308e5c498ea0141d57e4f0546 .av-special-heading-tag{\nfont-size:0.8em;\n}\n}\n<\/style>\n<div  class='av-special-heading av-ll267egb-4c3f4ba308e5c498ea0141d57e4f0546 av-special-heading-h1 custom-color-heading blockquote modern-quote modern-centered  avia-builder-el-2  avia-builder-el-no-sibling  av-inherit-size'><h1 class='av-special-heading-tag '  itemprop=\"headline\"  >Consejos para tu boda en la Costa del Sol, el sur de Espa\u00f1a<\/h1><div class=\"special-heading-border\"><div class=\"special-heading-inner-border\"><\/div><\/div><\/div><\/div><\/div><!--close column table wrapper. Autoclose: 1 --><\/div><\/div><\/main><!-- close content main element --><\/div><\/div><\/div><div id='after_section_1'  class='main_color av_default_container_wrap container_wrap fullsize'  ><div class='container av-section-cont-open' ><div class='template-page content  av-content-full alpha units'><div class='post-entry post-entry-type-page post-entry-3199'><div class='entry-content-wrapper clearfix'><section  class='av_textblock_section av-2om9pr-aac560933a79e362ae241c55f15a2507 '   itemscope=\"itemscope\" itemtype=\"https:\/\/schema.org\/CreativeWork\" ><div class='avia_textblock'  itemprop=\"text\" ><p style=\"text-align: center;\">De momento no tengo consejos, pero los ir\u00e9 a\u00f1adiendo sobre la marcha.<\/p>\n<p style=\"text-align: center;\">Aqu\u00ed he recopilado enlaces con buena informaci\u00f3n para aquellos que quieran celebrar su boda en la Costa del Sol en Espa\u00f1a.<\/p>\n<p style=\"text-align: center;\">\u00bfQuiere ser proveedor? Env\u00ede un correo electr\u00f3nico a <a href=\"mailto:john@johnnorrby.se\" target=\"_blank\" rel=\"noopener\">john@johnnorrby.se<\/a>.<\/p>\n<\/div><\/section><\/p>\n","protected":false},"excerpt":{"rendered":"","protected":false},"author":2,"featured_media":0,"parent":0,"menu_order":0,"comment_status":"closed","ping_status":"closed","template":"","meta":{"footnotes":""},"class_list":["post-3199","page","type-page","status-publish","hentry"],"_links":{"self":[{"href":"https:\/\/johnnorrby.se\/es\/wp-json\/wp\/v2\/pages\/3199","targetHints":{"allow":["GET"]}}],"collection":[{"href":"https:\/\/johnnorrby.se\/es\/wp-json\/wp\/v2\/pages"}],"about":[{"href":"https:\/\/johnnorrby.se\/es\/wp-json\/wp\/v2\/types\/page"}],"author":[{"embeddable":true,"href":"https:\/\/johnnorrby.se\/es\/wp-json\/wp\/v2\/users\/2"}],"replies":[{"embeddable":true,"href":"https:\/\/johnnorrby.se\/es\/wp-json\/wp\/v2\/comments?post=3199"}],"version-history":[{"count":7,"href":"https:\/\/johnnorrby.se\/es\/wp-json\/wp\/v2\/pages\/3199\/revisions"}],"predecessor-version":[{"id":3206,"href":"https:\/\/johnnorrby.se\/es\/wp-json\/wp\/v2\/pages\/3199\/revisions\/3206"}],"wp:attachment":[{"href":"https:\/\/johnnorrby.se\/es\/wp-json\/wp\/v2\/media?parent=3199"}],"curies":[{"name":"wp","href":"https:\/\/api.w.org\/{rel}","templated":true}]}}