{"id":3184,"date":"2017-03-08T13:45:50","date_gmt":"2017-03-08T12:45:50","guid":{"rendered":"https:\/\/johnnorrby.se\/consulta-de-reserva\/"},"modified":"2023-12-21T16:16:47","modified_gmt":"2023-12-21T15:16:47","slug":"consulta-de-reserva","status":"publish","type":"page","link":"https:\/\/johnnorrby.se\/es\/consulta-de-reserva\/","title":{"rendered":"Consulta de reserva"},"content":{"rendered":"\n<style type=\"text\/css\" data-created_by=\"avia_inline_auto\" id=\"style-css-av-4vgwyk-16cf96b0aa4769586c15753e38614c5f\">\n.avia-section.av-4vgwyk-16cf96b0aa4769586c15753e38614c5f .av-parallax .av-parallax-inner{\nbackground-repeat:no-repeat;\nbackground-image:url(https:\/\/johnnorrby.se\/wp-content\/uploads\/2017\/03\/nUbc6hOs-1030x687.jpg);\nbackground-position:50% 50%;\nbackground-attachment:scroll;\n}\n.avia-section.av-4vgwyk-16cf96b0aa4769586c15753e38614c5f .av-section-color-overlay{\nopacity:0.6;\nbackground-color:#333333;\n}\n<\/style>\n<div id='av_section_1'  class='avia-section av-4vgwyk-16cf96b0aa4769586c15753e38614c5f main_color avia-section-default avia-no-border-styling  avia-builder-el-0  el_before_av_one_fifth  avia-builder-el-first  portfolio-header avia-full-stretch av-parallax-section avia-bg-style-parallax av-section-color-overlay-active av-minimum-height av-minimum-height-custom av-height-custom  container_wrap fullsize'  data-section-bg-repeat='stretch' data-av_minimum_height_px='400'><div class='av-parallax' data-avia-parallax-ratio='0.3' ><div class='av-parallax-inner main_color avia-full-stretch'><\/div><\/div><div class=\"av-section-color-overlay-wrap\"><div class=\"av-section-color-overlay\"><\/div><div class='container av-section-cont-open' style='height:400px'><main  role=\"main\" itemprop=\"mainContentOfPage\"  class='template-page content  av-content-full alpha units'><div class='post-entry post-entry-type-page post-entry-3184'><div class='entry-content-wrapper clearfix'>\n<div class='flex_column_table av-2rai3w-55f438542e06efa88f88b6f21e74f4d5 sc-av_one_full av-equal-height-column-flextable'><div  class='flex_column av-2rai3w-55f438542e06efa88f88b6f21e74f4d5 av_one_full  avia-builder-el-1  avia-builder-el-no-sibling  first flex_column_table_cell av-equal-height-column av-align-top  '     ><style type=\"text\/css\" data-created_by=\"avia_inline_auto\" id=\"style-css-av-ll262mt0-029d2652ca3e1e83c3a957f3554d939b\">\n#top .av-special-heading.av-ll262mt0-029d2652ca3e1e83c3a957f3554d939b{\npadding-bottom:10px;\ncolor:#ffffff;\nfont-size:46px;\n}\nbody .av-special-heading.av-ll262mt0-029d2652ca3e1e83c3a957f3554d939b .av-special-heading-tag .heading-char{\nfont-size:25px;\n}\n#top #wrap_all .av-special-heading.av-ll262mt0-029d2652ca3e1e83c3a957f3554d939b .av-special-heading-tag{\nfont-size:46px;\n}\n.av-special-heading.av-ll262mt0-029d2652ca3e1e83c3a957f3554d939b .special-heading-inner-border{\nborder-color:#ffffff;\n}\n.av-special-heading.av-ll262mt0-029d2652ca3e1e83c3a957f3554d939b .av-subheading{\nfont-size:15px;\n}\n\n@media only screen and (min-width: 480px) and (max-width: 767px){ \n#top #wrap_all .av-special-heading.av-ll262mt0-029d2652ca3e1e83c3a957f3554d939b .av-special-heading-tag{\nfont-size:0.8em;\n}\n}\n\n@media only screen and (max-width: 479px){ \n#top #wrap_all .av-special-heading.av-ll262mt0-029d2652ca3e1e83c3a957f3554d939b .av-special-heading-tag{\nfont-size:0.8em;\n}\n}\n<\/style>\n<div  class='av-special-heading av-ll262mt0-029d2652ca3e1e83c3a957f3554d939b av-special-heading-h1 custom-color-heading blockquote modern-quote modern-centered  avia-builder-el-2  avia-builder-el-no-sibling  av-inherit-size'><h1 class='av-special-heading-tag '  itemprop=\"headline\"  >Consulta de reserva<\/h1><div class='av_custom_color av-subheading av-subheading_below'><p>Por favor, complete el formulario a continuaci\u00f3n y me pondr\u00e9 en contacto si estoy disponible en su gran d\u00eda.<\/p>\n<\/div><div class=\"special-heading-border\"><div class=\"special-heading-inner-border\"><\/div><\/div><\/div><\/div><\/div><!--close column table wrapper. Autoclose: 1 -->\n<\/div><\/div><\/main><!-- close content main element --><\/div><\/div><\/div><div id='after_section_1'  class='main_color av_default_container_wrap container_wrap fullsize'  ><div class='container av-section-cont-open' ><div class='template-page content  av-content-full alpha units'><div class='post-entry post-entry-type-page post-entry-3184'><div class='entry-content-wrapper clearfix'>\n<div  class='flex_column av-5d0zl8-2444d7a61d1df26f86fceaa1409fecd4 av_one_fifth  avia-builder-el-3  el_after_av_section  el_before_av_three_fifth  avia-builder-el-first  first flex_column_div  '     ><\/div>\n<div  class='flex_column av-4h1sos-80a4c5085e82c5a57ce9a6d4076812fa av_three_fifth  avia-builder-el-4  el_after_av_one_fifth  el_before_av_one_fifth  flex_column_div  '     ><section  class='av_textblock_section av-lkzh65lb-91db78de66d1314b632dbc1aaf7daf8c '   itemscope=\"itemscope\" itemtype=\"https:\/\/schema.org\/CreativeWork\" ><div class='avia_textblock'  itemprop=\"text\" ><div class=\"wpforms-container wpforms-container-full\" id=\"wpforms-2174\"><form id=\"wpforms-form-2174\" class=\"wpforms-validate wpforms-form wpforms-ajax-form\" data-formid=\"2174\" method=\"post\" enctype=\"multipart\/form-data\" action=\"\/es\/wp-json\/wp\/v2\/pages\/3184\" data-token=\"97ddf446d90662390c625769b8999e64\" data-token-time=\"1776184107\"><noscript class=\"wpforms-error-noscript\">Por favor, activa JavaScript en tu navegador para completar este formulario.<\/noscript><div class=\"wpforms-field-container\">\t\t<div id=\"wpforms-2174-field_2-container\"\n\t\t\tclass=\"wpforms-field wpforms-field-text\"\n\t\t\tdata-field-type=\"text\"\n\t\t\tdata-field-id=\"2\"\n\t\t\t>\n\t\t\t<label class=\"wpforms-field-label\" for=\"wpforms-2174-field_2\" >Layout o\u00edste m\u00ed?<\/label>\n\t\t\t<input type=\"text\" id=\"wpforms-2174-field_2\" class=\"wpforms-field-medium\" name=\"wpforms[fields][2]\" >\n\t\t<\/div>\n\t\t<div id=\"wpforms-2174-field_8-container\" class=\"wpforms-field wpforms-field-layout\" data-field-id=\"8\"><div class=\"wpforms-field-layout-columns wpforms-field-layout-preset-50-50\"><div class=\"wpforms-layout-column wpforms-layout-column-50\" ><div id=\"wpforms-2174-field_0-container\" class=\"wpforms-field wpforms-field-name\" data-field-id=\"0\"><label class=\"wpforms-field-label\" for=\"wpforms-2174-field_0\">Su nombre <span class=\"wpforms-required-label\">*<\/span><\/label><input type=\"text\" id=\"wpforms-2174-field_0\" class=\"wpforms-field-medium wpforms-field-required\" name=\"wpforms[fields][0]\" required><\/div><\/div><div class=\"wpforms-layout-column wpforms-layout-column-50\" ><div id=\"wpforms-2174-field_10-container\" class=\"wpforms-field wpforms-field-name\" data-field-id=\"10\"><label class=\"wpforms-field-label\" for=\"wpforms-2174-field_10\">Nombre de su pareja<\/label><input type=\"text\" id=\"wpforms-2174-field_10\" class=\"wpforms-field-medium\" name=\"wpforms[fields][10]\" ><\/div><\/div><\/div><\/div><div id=\"wpforms-2174-field_9-container\" class=\"wpforms-field wpforms-field-layout\" data-field-id=\"9\"><div class=\"wpforms-field-layout-columns wpforms-field-layout-preset-50-50\"><div class=\"wpforms-layout-column wpforms-layout-column-50\" ><div id=\"wpforms-2174-field_1-container\" class=\"wpforms-field wpforms-field-email\" data-field-id=\"1\"><label class=\"wpforms-field-label\" for=\"wpforms-2174-field_1\">E-mail <span class=\"wpforms-required-label\">*<\/span><\/label><input type=\"email\" id=\"wpforms-2174-field_1\" class=\"wpforms-field-medium wpforms-field-required\" name=\"wpforms[fields][1]\" spellcheck=\"false\" required><\/div><\/div><div class=\"wpforms-layout-column wpforms-layout-column-50\" ><div id=\"wpforms-2174-field_3-container\" class=\"wpforms-field wpforms-field-phone\" data-field-id=\"3\"><label class=\"wpforms-field-label\" for=\"wpforms-2174-field_3\">Tel\u00e9fono <span class=\"wpforms-required-label\">*<\/span><\/label><input type=\"tel\" id=\"wpforms-2174-field_3\" class=\"wpforms-field-medium wpforms-field-required\" data-rule-int-phone-field=\"true\" name=\"wpforms[fields][3]\" aria-label=\"Tel\u00e9fono\" required><\/div><\/div><\/div><\/div><div id=\"wpforms-2174-field_11-container\" class=\"wpforms-field wpforms-field-layout\" data-field-id=\"11\"><div class=\"wpforms-field-layout-columns wpforms-field-layout-preset-50-50\"><div class=\"wpforms-layout-column wpforms-layout-column-50\" ><div id=\"wpforms-2174-field_4-container\" class=\"wpforms-field wpforms-field-date-time\" data-field-id=\"4\"><label class=\"wpforms-field-label\" for=\"wpforms-2174-field_4\">D\u00eda(s) de rodaje <span class=\"wpforms-required-label\">*<\/span><\/label><div class=\"wpforms-datepicker-wrap\"><input type=\"text\" id=\"wpforms-2174-field_4\" class=\"wpforms-field-date-time-date wpforms-datepicker wpforms-field-required wpforms-field-medium\" data-date-format=\"Y-m-d\" data-disable-past-dates=\"1\" data-disable-todays-date=\"0\" data-input=\"true\" name=\"wpforms[fields][4][date]\" required><a title=\"Clear Date\" data-clear role=\"button\" tabindex=\"0\" class=\"wpforms-datepicker-clear\" aria-label=\"Clear Date\" style=\"display:none;\"><\/a><\/div><\/div><\/div><div class=\"wpforms-layout-column wpforms-layout-column-50\" ><div id=\"wpforms-2174-field_5-container\" class=\"wpforms-field wpforms-field-text\" data-field-id=\"5\"><label class=\"wpforms-field-label\" for=\"wpforms-2174-field_5\">N\u00famero de horas <span class=\"wpforms-required-label\">*<\/span><\/label><input type=\"text\" id=\"wpforms-2174-field_5\" class=\"wpforms-field-medium wpforms-field-required\" name=\"wpforms[fields][5]\" placeholder=\"Por ejemplo 5 horas\" required><\/div><\/div><\/div><\/div><div id=\"wpforms-2174-field_14-container\" class=\"wpforms-field wpforms-field-layout\" data-field-id=\"14\"><div class=\"wpforms-field-layout-columns wpforms-field-layout-preset-50-50\"><div class=\"wpforms-layout-column wpforms-layout-column-50\" ><div id=\"wpforms-2174-field_15-container\" class=\"wpforms-field wpforms-field-textarea\" data-field-id=\"15\"><label class=\"wpforms-field-label\" for=\"wpforms-2174-field_15\">Lugar(es)<\/label><textarea id=\"wpforms-2174-field_15\" class=\"wpforms-field-medium\" name=\"wpforms[fields][15]\" ><\/textarea><\/div><\/div><div class=\"wpforms-layout-column wpforms-layout-column-50\" ><div id=\"wpforms-2174-field_7-container\" class=\"wpforms-field wpforms-field-textarea\" data-field-id=\"7\"><label class=\"wpforms-field-label\" for=\"wpforms-2174-field_7\">Mensaje<\/label><textarea id=\"wpforms-2174-field_7\" class=\"wpforms-field-medium\" name=\"wpforms[fields][7]\" ><\/textarea><\/div><\/div><\/div><\/div><div id=\"wpforms-2174-field_16-container\" class=\"wpforms-field wpforms-field-layout\" data-field-id=\"16\"><div class=\"wpforms-field-layout-rows wpforms-field-large\"><div class=\"wpforms-layout-row\"><div class=\"wpforms-layout-column wpforms-layout-column-50\"><div id=\"wpforms-2174-field_17-container\" class=\"wpforms-field wpforms-field-select wpforms-field-select-style-classic\" data-field-id=\"17\"><label class=\"wpforms-field-label\" for=\"wpforms-2174-field_17\">D\u00f3nde o\u00edste hablar de m\u00ed? <\/label><select id=\"wpforms-2174-field_17\" class=\"wpforms-field-medium\" name=\"wpforms[fields][17]\"><option value=\"Seleccionar\"  selected='selected' class=\"choice-6 depth-1\"  >Seleccionar<\/option><option value=\"Google (anuncio en los resultados de b\u00fasqueda)\"  class=\"choice-2 depth-1\"  >Google (anuncio en los resultados de b\u00fasqueda)<\/option><option value=\"Google (entre los resultados de b\u00fasqueda)\"  class=\"choice-3 depth-1\"  >Google (entre los resultados de b\u00fasqueda)<\/option><option value=\"Instagram\"  class=\"choice-4 depth-1\"  >Instagram<\/option><option value=\"Facebook\"  class=\"choice-5 depth-1\"  >Facebook<\/option><option value=\"Se recomend\u00f3\"  class=\"choice-1 depth-1\"  >Se recomend\u00f3<\/option><option value=\"Otro\"  class=\"choice-7 depth-1\"  >Otro<\/option><\/select><\/div><\/div><div class=\"wpforms-layout-column wpforms-layout-column-50\"><\/div><\/div><\/div><\/div><script>\n\t\t\t\t( function() {\n\t\t\t\t\tconst style = document.createElement( 'style' );\n\t\t\t\t\tstyle.appendChild( document.createTextNode( '#wpforms-2174-field_2-container { position: absolute !important; overflow: hidden !important; display: inline !important; height: 1px !important; width: 1px !important; z-index: -1000 !important; padding: 0 !important; } #wpforms-2174-field_2-container input { visibility: hidden; } #wpforms-conversational-form-page #wpforms-2174-field_2-container label { counter-increment: none; }' ) );\n\t\t\t\t\tdocument.head.appendChild( style );\n\t\t\t\t\tdocument.currentScript?.remove();\n\t\t\t\t} )();\n\t\t\t<\/script><\/div><!-- .wpforms-field-container --><div class=\"wpforms-submit-container\" ><input type=\"hidden\" name=\"wpforms[id]\" value=\"2174\"><input type=\"hidden\" name=\"page_title\" value=\"\"><input type=\"hidden\" name=\"page_url\" value=\"https:\/\/johnnorrby.se\/es\/wp-json\/wp\/v2\/pages\/3184\"><input type=\"hidden\" name=\"url_referer\" value=\"\"><button type=\"submit\" name=\"wpforms[submit]\" id=\"wpforms-submit-2174\" class=\"wpforms-submit\" data-alt-text=\"Env\u00eda \u2026\" data-submit-text=\"Enviar\" aria-live=\"assertive\" value=\"wpforms-submit\">Enviar<\/button><img loading=\"lazy\" decoding=\"async\" src=\"https:\/\/johnnorrby.se\/wp-content\/plugins\/wpforms\/assets\/images\/submit-spin.svg\" class=\"wpforms-submit-spinner\" style=\"display: none;\" width=\"26\" height=\"26\" alt=\"Cargando\"><\/div><\/form><\/div>  <!-- .wpforms-container -->\n<\/div><\/section><\/div>\n<div  class='flex_column av-30y5jg-1cd216731a3db284f3a99e2af8754f6b av_one_fifth  avia-builder-el-6  el_after_av_three_fifth  avia-builder-el-last  flex_column_div  '     ><\/div>\n","protected":false},"excerpt":{"rendered":"","protected":false},"author":2,"featured_media":0,"parent":0,"menu_order":0,"comment_status":"closed","ping_status":"closed","template":"","meta":{"footnotes":""},"class_list":["post-3184","page","type-page","status-publish","hentry"],"_links":{"self":[{"href":"https:\/\/johnnorrby.se\/es\/wp-json\/wp\/v2\/pages\/3184","targetHints":{"allow":["GET"]}}],"collection":[{"href":"https:\/\/johnnorrby.se\/es\/wp-json\/wp\/v2\/pages"}],"about":[{"href":"https:\/\/johnnorrby.se\/es\/wp-json\/wp\/v2\/types\/page"}],"author":[{"embeddable":true,"href":"https:\/\/johnnorrby.se\/es\/wp-json\/wp\/v2\/users\/2"}],"replies":[{"embeddable":true,"href":"https:\/\/johnnorrby.se\/es\/wp-json\/wp\/v2\/comments?post=3184"}],"version-history":[{"count":5,"href":"https:\/\/johnnorrby.se\/es\/wp-json\/wp\/v2\/pages\/3184\/revisions"}],"predecessor-version":[{"id":3189,"href":"https:\/\/johnnorrby.se\/es\/wp-json\/wp\/v2\/pages\/3184\/revisions\/3189"}],"wp:attachment":[{"href":"https:\/\/johnnorrby.se\/es\/wp-json\/wp\/v2\/media?parent=3184"}],"curies":[{"name":"wp","href":"https:\/\/api.w.org\/{rel}","templated":true}]}}